{"id":231,"date":"2025-08-15T14:35:20","date_gmt":"2025-08-15T12:35:20","guid":{"rendered":"https:\/\/arborisfinance.undondia.com\/?page_id=231"},"modified":"2025-08-15T14:35:20","modified_gmt":"2025-08-15T12:35:20","slug":"notre-statut","status":"publish","type":"page","link":"https:\/\/www.abfin.fr\/index.php\/notre-statut\/","title":{"rendered":"Notre Statut"},"content":{"rendered":"<p>Chez<strong>Arboris Finance<\/strong>, nous sommes convaincus qu&rsquo;une solide conformit\u00e9 et une ex\u00e9cution claire sont les pierres angulaires du succ\u00e8s. Nous progressons activement dans la cr\u00e9ation de notre entreprise et avons d\u00e9j\u00e0 franchi les \u00e9tapes importantes suivantes :<\/p>\n<h3><strong>Enregistrement de l&rsquo;entreprise en cours<\/strong><\/h3>\n<p>Nous sommes actuellement dans la derni\u00e8re phase de pr\u00e9paration pour l&rsquo;enregistrement de l&rsquo;entreprise, travaillant en \u00e9troite collaboration avec des conseillers juridiques et comptables pour garantir le respect de toutes les proc\u00e9dures l\u00e9gales et exigences de conformit\u00e9. Notre objectif est de finaliser l&rsquo;enregistrement au plus vite afin de poser une base juridique solide pour notre d\u00e9veloppement futur.<\/p>\n<h3><strong>R\u00e9sultats et jalons<\/strong><\/h3>\n<ul>\n<li><strong>Analyse du march\u00e9 :<\/strong> Nous avons r\u00e9alis\u00e9 une \u00e9tude de march\u00e9 pr\u00e9liminaire, qui a valid\u00e9 la demande et les points de douleur du march\u00e9 de l&rsquo;\u00e9ducation financi\u00e8re. Nous optimisons continuellement notre conception de produit en fonction des retours que nous avons re\u00e7us.<\/li>\n<\/ul>\n","protected":false},"excerpt":{"rendered":"<p>ChezArboris Finance, nous sommes convaincus qu&rsquo;une solide conformit\u00e9 et une ex\u00e9cution claire sont les pierres angulaires du succ\u00e8s. Nous progressons activement dans la cr\u00e9ation de notre entreprise et avons d\u00e9j\u00e0 franchi les \u00e9tapes importantes suivantes : Enregistrement de l&rsquo;entreprise en cours Nous sommes actuellement dans la derni\u00e8re phase de pr\u00e9paration pour l&rsquo;enregistrement de l&rsquo;entreprise, travaillant<\/p>\n","protected":false},"author":1,"featured_media":0,"parent":0,"menu_order":0,"comment_status":"closed","ping_status":"closed","template":"","meta":{"advanced_seo_description":"","jetpack_seo_html_title":"","jetpack_seo_noindex":false,"jetpack_post_was_ever_published":false,"footnotes":""},"class_list":["post-231","page","type-page","status-publish","hentry","no-featured-content"],"jetpack_sharing_enabled":true,"_links":{"self":[{"href":"https:\/\/www.abfin.fr\/index.php\/wp-json\/wp\/v2\/pages\/231","targetHints":{"allow":["GET"]}}],"collection":[{"href":"https:\/\/www.abfin.fr\/index.php\/wp-json\/wp\/v2\/pages"}],"about":[{"href":"https:\/\/www.abfin.fr\/index.php\/wp-json\/wp\/v2\/types\/page"}],"author":[{"embeddable":true,"href":"https:\/\/www.abfin.fr\/index.php\/wp-json\/wp\/v2\/users\/1"}],"replies":[{"embeddable":true,"href":"https:\/\/www.abfin.fr\/index.php\/wp-json\/wp\/v2\/comments?post=231"}],"version-history":[{"count":1,"href":"https:\/\/www.abfin.fr\/index.php\/wp-json\/wp\/v2\/pages\/231\/revisions"}],"predecessor-version":[{"id":233,"href":"https:\/\/www.abfin.fr\/index.php\/wp-json\/wp\/v2\/pages\/231\/revisions\/233"}],"wp:attachment":[{"href":"https:\/\/www.abfin.fr\/index.php\/wp-json\/wp\/v2\/media?parent=231"}],"curies":[{"name":"wp","href":"https:\/\/api.w.org\/{rel}","templated":true}]}}