{"id":128,"date":"2025-08-12T16:11:32","date_gmt":"2025-08-12T14:11:32","guid":{"rendered":"https:\/\/arborisfinance.undondia.com\/?page_id=128"},"modified":"2025-08-18T05:05:12","modified_gmt":"2025-08-18T03:05:12","slug":"manager-team","status":"publish","type":"page","link":"https:\/\/www.abfin.fr\/","title":{"rendered":"Page d&rsquo;accueil"},"content":{"rendered":"\n<blockquote class=\"wp-block-quote has-text-align-right is-layout-flow wp-block-quote-is-layout-flow\">\n<h1 class=\"wp-block-heading has-text-align-center\">Les bases solides d&rsquo;une vie \u00e9quilibr\u00e9e.<\/h1>\n\n\n\n<h2 class=\"wp-block-heading\">\u2014\u2014 Arboris Finance<\/h2>\n\n\n\n<div style=\"height:100px\" aria-hidden=\"true\" class=\"wp-block-spacer\"><\/div>\n<\/blockquote>\n\n\n\n<h2 class=\"wp-block-heading has-text-align-right has-cyan-bluish-gray-color has-text-color has-link-color wp-elements-3bb70ee9c1268aab351f48895ac5db41\"><strong>Une relation saine avec l&rsquo;argent : <\/strong><\/h2>\n\n\n\n<h2 class=\"wp-block-heading has-text-align-right has-cyan-bluish-gray-color has-text-color has-link-color wp-elements-db5cd7d326b7aceafe927fbedf66a647\"><strong>le fondement d&rsquo;une vie heureuse.<\/strong><\/h2>\n\n\n\n<p><\/p>\n\n\n\n<div class=\"wp-block-columns is-layout-flex wp-container-core-columns-is-layout-9d6595d7 wp-block-columns-is-layout-flex\">\n<div class=\"wp-block-column is-layout-flow wp-block-column-is-layout-flow\"><\/div>\n\n\n\n<div class=\"wp-block-column is-layout-flow wp-block-column-is-layout-flow\">\n<p>Dans notre soci\u00e9t\u00e9, la perception de l&rsquo;argent est souvent incompl\u00e8te, voire biais\u00e9e. Cette lacune peut mener \u00e0 des extr\u00eames, de la d\u00e9pense excessive \u00e0 l&rsquo;aust\u00e9rit\u00e9 qui nuit \u00e0 la qualit\u00e9 de vie.<\/p>\n\n\n\n<p>Chez&nbsp;<strong>Arboris Finance<\/strong>, nous sommes convaincus que ces d\u00e9s\u00e9quilibres financiers impactent directement notre bonheur. Notre mission est de transformer cette relation, en commen\u00e7ant par les plus jeunes.<\/p>\n<\/div>\n\n\n\n<div class=\"wp-block-column is-layout-flow wp-block-column-is-layout-flow\"><div class=\"wp-block-image is-style-rounded\">\n<figure class=\"aligncenter size-full\"><img data-recalc-dims=\"1\" loading=\"lazy\" decoding=\"async\" width=\"300\" height=\"300\" data-attachment-id=\"211\" data-permalink=\"https:\/\/www.abfin.fr\/index.php\/manager-team\/image-11\/\" data-orig-file=\"https:\/\/i0.wp.com\/www.abfin.fr\/wp-content\/uploads\/2025\/08\/image-11.png?fit=300%2C300&amp;quality=95&amp;ssl=1\" data-orig-size=\"300,300\" data-comments-opened=\"1\" data-image-meta=\"{&quot;aperture&quot;:&quot;0&quot;,&quot;credit&quot;:&quot;&quot;,&quot;camera&quot;:&quot;&quot;,&quot;caption&quot;:&quot;&quot;,&quot;created_timestamp&quot;:&quot;0&quot;,&quot;copyright&quot;:&quot;&quot;,&quot;focal_length&quot;:&quot;0&quot;,&quot;iso&quot;:&quot;0&quot;,&quot;shutter_speed&quot;:&quot;0&quot;,&quot;title&quot;:&quot;&quot;,&quot;orientation&quot;:&quot;0&quot;}\" data-image-title=\"image-11\" data-image-description=\"\" data-image-caption=\"\" data-medium-file=\"https:\/\/i0.wp.com\/www.abfin.fr\/wp-content\/uploads\/2025\/08\/image-11.png?fit=300%2C300&amp;quality=95&amp;ssl=1\" data-large-file=\"https:\/\/i0.wp.com\/www.abfin.fr\/wp-content\/uploads\/2025\/08\/image-11.png?fit=300%2C300&amp;quality=95&amp;ssl=1\" src=\"https:\/\/i0.wp.com\/arborisfinance.undondia.com\/wp-content\/uploads\/2025\/08\/image-11.png?resize=300%2C300&#038;quality=95&#038;ssl=1\" alt=\"\" class=\"wp-image-211\" srcset=\"https:\/\/i0.wp.com\/www.abfin.fr\/wp-content\/uploads\/2025\/08\/image-11.png?w=300&amp;quality=95&amp;ssl=1 300w, https:\/\/i0.wp.com\/www.abfin.fr\/wp-content\/uploads\/2025\/08\/image-11.png?resize=150%2C150&amp;quality=95&amp;ssl=1 150w, https:\/\/i0.wp.com\/www.abfin.fr\/wp-content\/uploads\/2025\/08\/image-11.png?resize=50%2C50&amp;quality=95&amp;ssl=1 50w\" sizes=\"auto, (max-width: 300px) 100vw, 300px\" \/><\/figure>\n<\/div><\/div>\n<\/div>\n\n\n\n<div style=\"height:100px\" aria-hidden=\"true\" class=\"wp-block-spacer\"><\/div>\n\n\n\n<h1 class=\"wp-block-heading has-text-align-left\">    \u00c9valuation Personnalis\u00e9e<\/h1>\n\n\n\n<div class=\"wp-block-columns is-layout-flex wp-container-core-columns-is-layout-9d6595d7 wp-block-columns-is-layout-flex\">\n<div class=\"wp-block-column is-layout-flow wp-block-column-is-layout-flow\">\n<figure class=\"wp-block-image size-full\"><img data-recalc-dims=\"1\" loading=\"lazy\" decoding=\"async\" width=\"700\" height=\"664\" data-attachment-id=\"264\" data-permalink=\"https:\/\/www.abfin.fr\/index.php\/manager-team\/image-index-1\/\" data-orig-file=\"https:\/\/i0.wp.com\/www.abfin.fr\/wp-content\/uploads\/2025\/08\/image-index-1.png?fit=700%2C664&amp;quality=95&amp;ssl=1\" data-orig-size=\"700,664\" data-comments-opened=\"0\" data-image-meta=\"{&quot;aperture&quot;:&quot;0&quot;,&quot;credit&quot;:&quot;&quot;,&quot;camera&quot;:&quot;&quot;,&quot;caption&quot;:&quot;&quot;,&quot;created_timestamp&quot;:&quot;0&quot;,&quot;copyright&quot;:&quot;&quot;,&quot;focal_length&quot;:&quot;0&quot;,&quot;iso&quot;:&quot;0&quot;,&quot;shutter_speed&quot;:&quot;0&quot;,&quot;title&quot;:&quot;&quot;,&quot;orientation&quot;:&quot;0&quot;}\" data-image-title=\"image-index-1\" data-image-description=\"\" data-image-caption=\"\" data-medium-file=\"https:\/\/i0.wp.com\/www.abfin.fr\/wp-content\/uploads\/2025\/08\/image-index-1.png?fit=300%2C285&amp;quality=95&amp;ssl=1\" data-large-file=\"https:\/\/i0.wp.com\/www.abfin.fr\/wp-content\/uploads\/2025\/08\/image-index-1.png?fit=664%2C664&amp;quality=95&amp;ssl=1\" src=\"https:\/\/i0.wp.com\/arborisfinance.undondia.com\/wp-content\/uploads\/2025\/08\/image-index-1.png?resize=700%2C664&#038;quality=95&#038;ssl=1\" alt=\"\" class=\"wp-image-264\" style=\"aspect-ratio:9\/16;object-fit:contain\" srcset=\"https:\/\/i0.wp.com\/www.abfin.fr\/wp-content\/uploads\/2025\/08\/image-index-1.png?w=700&amp;quality=95&amp;ssl=1 700w, https:\/\/i0.wp.com\/www.abfin.fr\/wp-content\/uploads\/2025\/08\/image-index-1.png?resize=300%2C285&amp;quality=95&amp;ssl=1 300w, https:\/\/i0.wp.com\/www.abfin.fr\/wp-content\/uploads\/2025\/08\/image-index-1.png?resize=450%2C427&amp;quality=95&amp;ssl=1 450w, https:\/\/i0.wp.com\/www.abfin.fr\/wp-content\/uploads\/2025\/08\/image-index-1.png?resize=540%2C512&amp;quality=95&amp;ssl=1 540w\" sizes=\"auto, (max-width: 700px) 100vw, 700px\" \/><\/figure>\n<\/div>\n\n\n\n<div class=\"wp-block-column is-layout-flow wp-block-column-is-layout-flow\"><\/div>\n<\/div>\n\n\n\n<h1 class=\"wp-block-heading has-text-align-right\">Ateliers Th\u00e9matiques et Exp\u00e9rientiels<\/h1>\n\n\n\n<div class=\"wp-block-columns is-layout-flex wp-container-core-columns-is-layout-9d6595d7 wp-block-columns-is-layout-flex\">\n<div class=\"wp-block-column is-layout-flow wp-block-column-is-layout-flow\"><\/div>\n\n\n\n<div class=\"wp-block-column is-layout-flow wp-block-column-is-layout-flow\">\n<figure class=\"wp-block-image size-full is-style-default\"><img data-recalc-dims=\"1\" loading=\"lazy\" decoding=\"async\" width=\"600\" height=\"600\" data-attachment-id=\"265\" data-permalink=\"https:\/\/www.abfin.fr\/index.php\/manager-team\/gemini_generated_image_8hp2ud8hp2ud8hp2\/\" data-orig-file=\"https:\/\/i0.wp.com\/www.abfin.fr\/wp-content\/uploads\/2025\/08\/Gemini_Generated_Image_8hp2ud8hp2ud8hp2.png?fit=600%2C600&amp;quality=95&amp;ssl=1\" data-orig-size=\"600,600\" data-comments-opened=\"0\" data-image-meta=\"{&quot;aperture&quot;:&quot;0&quot;,&quot;credit&quot;:&quot;&quot;,&quot;camera&quot;:&quot;&quot;,&quot;caption&quot;:&quot;&quot;,&quot;created_timestamp&quot;:&quot;0&quot;,&quot;copyright&quot;:&quot;&quot;,&quot;focal_length&quot;:&quot;0&quot;,&quot;iso&quot;:&quot;0&quot;,&quot;shutter_speed&quot;:&quot;0&quot;,&quot;title&quot;:&quot;&quot;,&quot;orientation&quot;:&quot;0&quot;}\" data-image-title=\"Gemini_Generated_Image_8hp2ud8hp2ud8hp2\" data-image-description=\"\" data-image-caption=\"\" data-medium-file=\"https:\/\/i0.wp.com\/www.abfin.fr\/wp-content\/uploads\/2025\/08\/Gemini_Generated_Image_8hp2ud8hp2ud8hp2.png?fit=300%2C300&amp;quality=95&amp;ssl=1\" data-large-file=\"https:\/\/i0.wp.com\/www.abfin.fr\/wp-content\/uploads\/2025\/08\/Gemini_Generated_Image_8hp2ud8hp2ud8hp2.png?fit=600%2C600&amp;quality=95&amp;ssl=1\" src=\"https:\/\/i0.wp.com\/arborisfinance.undondia.com\/wp-content\/uploads\/2025\/08\/Gemini_Generated_Image_8hp2ud8hp2ud8hp2.png?resize=600%2C600&#038;quality=95&#038;ssl=1\" alt=\"\" class=\"wp-image-265\" style=\"aspect-ratio:9\/16;object-fit:contain\" srcset=\"https:\/\/i0.wp.com\/www.abfin.fr\/wp-content\/uploads\/2025\/08\/Gemini_Generated_Image_8hp2ud8hp2ud8hp2.png?w=600&amp;quality=95&amp;ssl=1 600w, https:\/\/i0.wp.com\/www.abfin.fr\/wp-content\/uploads\/2025\/08\/Gemini_Generated_Image_8hp2ud8hp2ud8hp2.png?resize=300%2C300&amp;quality=95&amp;ssl=1 300w, https:\/\/i0.wp.com\/www.abfin.fr\/wp-content\/uploads\/2025\/08\/Gemini_Generated_Image_8hp2ud8hp2ud8hp2.png?resize=150%2C150&amp;quality=95&amp;ssl=1 150w, https:\/\/i0.wp.com\/www.abfin.fr\/wp-content\/uploads\/2025\/08\/Gemini_Generated_Image_8hp2ud8hp2ud8hp2.png?resize=450%2C450&amp;quality=95&amp;ssl=1 450w, https:\/\/i0.wp.com\/www.abfin.fr\/wp-content\/uploads\/2025\/08\/Gemini_Generated_Image_8hp2ud8hp2ud8hp2.png?resize=540%2C540&amp;quality=95&amp;ssl=1 540w, https:\/\/i0.wp.com\/www.abfin.fr\/wp-content\/uploads\/2025\/08\/Gemini_Generated_Image_8hp2ud8hp2ud8hp2.png?resize=50%2C50&amp;quality=95&amp;ssl=1 50w\" sizes=\"auto, (max-width: 600px) 100vw, 600px\" \/><\/figure>\n<\/div>\n<\/div>\n\n\n\n<h1 class=\"wp-block-heading has-text-align-center\">Apprentissage Continu par le Jeu Intelligent<\/h1>\n\n\n\n<div class=\"wp-block-columns is-layout-flex wp-container-core-columns-is-layout-9d6595d7 wp-block-columns-is-layout-flex\">\n<div class=\"wp-block-column is-layout-flow wp-block-column-is-layout-flow\" style=\"flex-basis:25%\"><\/div>\n\n\n\n<div class=\"wp-block-column is-layout-flow wp-block-column-is-layout-flow\" style=\"flex-basis:50%\">\n<figure class=\"wp-block-image size-full\"><img data-recalc-dims=\"1\" loading=\"lazy\" decoding=\"async\" width=\"600\" height=\"600\" data-attachment-id=\"266\" data-permalink=\"https:\/\/www.abfin.fr\/index.php\/manager-team\/gemini_generated_image_scc8yjscc8yjscc8\/\" data-orig-file=\"https:\/\/i0.wp.com\/www.abfin.fr\/wp-content\/uploads\/2025\/08\/Gemini_Generated_Image_scc8yjscc8yjscc8.png?fit=600%2C600&amp;quality=95&amp;ssl=1\" data-orig-size=\"600,600\" data-comments-opened=\"0\" data-image-meta=\"{&quot;aperture&quot;:&quot;0&quot;,&quot;credit&quot;:&quot;&quot;,&quot;camera&quot;:&quot;&quot;,&quot;caption&quot;:&quot;&quot;,&quot;created_timestamp&quot;:&quot;0&quot;,&quot;copyright&quot;:&quot;&quot;,&quot;focal_length&quot;:&quot;0&quot;,&quot;iso&quot;:&quot;0&quot;,&quot;shutter_speed&quot;:&quot;0&quot;,&quot;title&quot;:&quot;&quot;,&quot;orientation&quot;:&quot;0&quot;}\" data-image-title=\"Gemini_Generated_Image_scc8yjscc8yjscc8\" data-image-description=\"\" data-image-caption=\"\" data-medium-file=\"https:\/\/i0.wp.com\/www.abfin.fr\/wp-content\/uploads\/2025\/08\/Gemini_Generated_Image_scc8yjscc8yjscc8.png?fit=300%2C300&amp;quality=95&amp;ssl=1\" data-large-file=\"https:\/\/i0.wp.com\/www.abfin.fr\/wp-content\/uploads\/2025\/08\/Gemini_Generated_Image_scc8yjscc8yjscc8.png?fit=600%2C600&amp;quality=95&amp;ssl=1\" src=\"https:\/\/i0.wp.com\/arborisfinance.undondia.com\/wp-content\/uploads\/2025\/08\/Gemini_Generated_Image_scc8yjscc8yjscc8.png?resize=600%2C600&#038;quality=95&#038;ssl=1\" alt=\"\" class=\"wp-image-266\" style=\"aspect-ratio:9\/16;object-fit:contain\" srcset=\"https:\/\/i0.wp.com\/www.abfin.fr\/wp-content\/uploads\/2025\/08\/Gemini_Generated_Image_scc8yjscc8yjscc8.png?w=600&amp;quality=95&amp;ssl=1 600w, https:\/\/i0.wp.com\/www.abfin.fr\/wp-content\/uploads\/2025\/08\/Gemini_Generated_Image_scc8yjscc8yjscc8.png?resize=300%2C300&amp;quality=95&amp;ssl=1 300w, https:\/\/i0.wp.com\/www.abfin.fr\/wp-content\/uploads\/2025\/08\/Gemini_Generated_Image_scc8yjscc8yjscc8.png?resize=150%2C150&amp;quality=95&amp;ssl=1 150w, https:\/\/i0.wp.com\/www.abfin.fr\/wp-content\/uploads\/2025\/08\/Gemini_Generated_Image_scc8yjscc8yjscc8.png?resize=450%2C450&amp;quality=95&amp;ssl=1 450w, https:\/\/i0.wp.com\/www.abfin.fr\/wp-content\/uploads\/2025\/08\/Gemini_Generated_Image_scc8yjscc8yjscc8.png?resize=540%2C540&amp;quality=95&amp;ssl=1 540w, https:\/\/i0.wp.com\/www.abfin.fr\/wp-content\/uploads\/2025\/08\/Gemini_Generated_Image_scc8yjscc8yjscc8.png?resize=50%2C50&amp;quality=95&amp;ssl=1 50w\" sizes=\"auto, (max-width: 600px) 100vw, 600px\" \/><\/figure>\n<\/div>\n\n\n\n<div class=\"wp-block-column is-layout-flow wp-block-column-is-layout-flow\" style=\"flex-basis:25%\"><\/div>\n<\/div>\n\n\n\n<h1 class=\"wp-block-heading has-text-align-left\">    L&rsquo;\u00e9quipe<\/h1>\n\n\n\n<div style=\"height:100px\" aria-hidden=\"true\" class=\"wp-block-spacer\"><\/div>\n\n\n\n<div id=\"wps-widget--team-1\" class=\"wps-container wps-widget wps-widget--team wps-team-theme--square-02 wps-team--type-grid wps-team-card-action--single-page wps--thumb-round wps-team--social-hover-up wps-team--thumbnail-shad-alt\" style=\"visibility: hidden; opacity: 0\" data-widget-id=\"1\">\n    \n    \n    <div class=\"wps-container--inner\">\n\n                \n        \n            <div class=\"wps-row\">\n\n                \n                                \n                    <div class=\"wps-col wps-widget--item wps-widget--item-125 manager\">\n                        <div class=\"wpspeedo-team--single\">\n                            <div class=\"wps-team--single-inner\">\n                                \n                                <div class=\"team-member--thumbnail-wrapper wps-team--member-element\"><div class=\"team-member--thumbnail\"><a href=\"https:\/\/www.abfin.fr\/index.php\/wps-members\/vous\/\" class=\"\"   aria-label=\"Read More about VOUS.\"><img data-recalc-dims=\"1\" loading=\"lazy\" decoding=\"async\" width=\"900\" height=\"900\" src=\"https:\/\/i0.wp.com\/www.abfin.fr\/wp-content\/uploads\/2025\/08\/partner.png?resize=900%2C900&#038;quality=95&#038;ssl=1\" class=\"attachment- size- wp-post-image\" alt=\"\" srcset=\"https:\/\/i0.wp.com\/www.abfin.fr\/wp-content\/uploads\/2025\/08\/partner.png?w=1000&amp;quality=95&amp;ssl=1 1000w, https:\/\/i0.wp.com\/www.abfin.fr\/wp-content\/uploads\/2025\/08\/partner.png?resize=300%2C300&amp;quality=95&amp;ssl=1 300w, https:\/\/i0.wp.com\/www.abfin.fr\/wp-content\/uploads\/2025\/08\/partner.png?resize=150%2C150&amp;quality=95&amp;ssl=1 150w, https:\/\/i0.wp.com\/www.abfin.fr\/wp-content\/uploads\/2025\/08\/partner.png?resize=768%2C768&amp;quality=95&amp;ssl=1 768w, https:\/\/i0.wp.com\/www.abfin.fr\/wp-content\/uploads\/2025\/08\/partner.png?resize=900%2C900&amp;quality=95&amp;ssl=1 900w, https:\/\/i0.wp.com\/www.abfin.fr\/wp-content\/uploads\/2025\/08\/partner.png?resize=450%2C450&amp;quality=95&amp;ssl=1 450w, https:\/\/i0.wp.com\/www.abfin.fr\/wp-content\/uploads\/2025\/08\/partner.png?resize=840%2C840&amp;quality=95&amp;ssl=1 840w, https:\/\/i0.wp.com\/www.abfin.fr\/wp-content\/uploads\/2025\/08\/partner.png?resize=540%2C540&amp;quality=95&amp;ssl=1 540w, https:\/\/i0.wp.com\/www.abfin.fr\/wp-content\/uploads\/2025\/08\/partner.png?resize=50%2C50&amp;quality=95&amp;ssl=1 50w\" sizes=\"auto, (max-width: 900px) 100vw, 900px\" data-attachment-id=\"117\" data-permalink=\"https:\/\/www.abfin.fr\/?attachment_id=117\" data-orig-file=\"https:\/\/i0.wp.com\/www.abfin.fr\/wp-content\/uploads\/2025\/08\/partner.png?fit=1000%2C1000&amp;quality=95&amp;ssl=1\" data-orig-size=\"1000,1000\" data-comments-opened=\"1\" data-image-meta=\"{&quot;aperture&quot;:&quot;0&quot;,&quot;credit&quot;:&quot;&quot;,&quot;camera&quot;:&quot;&quot;,&quot;caption&quot;:&quot;&quot;,&quot;created_timestamp&quot;:&quot;0&quot;,&quot;copyright&quot;:&quot;&quot;,&quot;focal_length&quot;:&quot;0&quot;,&quot;iso&quot;:&quot;0&quot;,&quot;shutter_speed&quot;:&quot;0&quot;,&quot;title&quot;:&quot;&quot;,&quot;orientation&quot;:&quot;0&quot;}\" data-image-title=\"partner\" data-image-description=\"\" data-image-caption=\"\" data-medium-file=\"https:\/\/i0.wp.com\/www.abfin.fr\/wp-content\/uploads\/2025\/08\/partner.png?fit=300%2C300&amp;quality=95&amp;ssl=1\" data-large-file=\"https:\/\/i0.wp.com\/www.abfin.fr\/wp-content\/uploads\/2025\/08\/partner.png?fit=900%2C900&amp;quality=95&amp;ssl=1\" \/><\/a><\/div><\/div><h3 class=\"wps-team--member-title wps-team--member-element team-member--link\"><a href=\"https:\/\/www.abfin.fr\/index.php\/wps-members\/vous\/\" class=\"\"  >VOUS<\/a><\/h3><div class=\"wps-team--divider-wrapper wps-team--member-element\"><div class=\"wps-team--divider\"><\/div><\/div><div class=\"wps-team--member-details wps-team--member-details-excerpt wps-team--member-element\"><p>Co-fondateur(trice) : Profil de Comp\u00e9tences Arboris Finance recherche un(e) co-fondateur(trice) dot\u00e9(e) d&rsquo;une expertise exceptionnelle dans le domaine de l&rsquo;\u00e9ducation des enfants, pour construire avec nous une plateform...<\/p>\n<\/div>\n                            <\/div>\n                        <\/div>\n                    <\/div>\n\n                    \n                \n                                \n                    <div class=\"wps-col wps-widget--item wps-widget--item-123 manager\">\n                        <div class=\"wpspeedo-team--single\">\n                            <div class=\"wps-team--single-inner\">\n                                \n                                <div class=\"team-member--thumbnail-wrapper wps-team--member-element\"><div class=\"team-member--thumbnail\"><a href=\"https:\/\/www.abfin.fr\/index.php\/wps-members\/wen-luo\/\" class=\"\"   aria-label=\"Read More about Wen LUO.\"><img data-recalc-dims=\"1\" loading=\"lazy\" decoding=\"async\" width=\"900\" height=\"1193\" src=\"https:\/\/i0.wp.com\/www.abfin.fr\/wp-content\/uploads\/2025\/08\/%E6%88%AA%E5%B1%8F2025-08-12-19.50.29.png?resize=900%2C1193&#038;quality=95&#038;ssl=1\" class=\"attachment- size- wp-post-image\" alt=\"\" srcset=\"https:\/\/i0.wp.com\/www.abfin.fr\/wp-content\/uploads\/2025\/08\/%E6%88%AA%E5%B1%8F2025-08-12-19.50.29.png?w=970&amp;quality=95&amp;ssl=1 970w, https:\/\/i0.wp.com\/www.abfin.fr\/wp-content\/uploads\/2025\/08\/%E6%88%AA%E5%B1%8F2025-08-12-19.50.29.png?resize=226%2C300&amp;quality=95&amp;ssl=1 226w, https:\/\/i0.wp.com\/www.abfin.fr\/wp-content\/uploads\/2025\/08\/%E6%88%AA%E5%B1%8F2025-08-12-19.50.29.png?resize=772%2C1024&amp;quality=95&amp;ssl=1 772w, https:\/\/i0.wp.com\/www.abfin.fr\/wp-content\/uploads\/2025\/08\/%E6%88%AA%E5%B1%8F2025-08-12-19.50.29.png?resize=768%2C1018&amp;quality=95&amp;ssl=1 768w, https:\/\/i0.wp.com\/www.abfin.fr\/wp-content\/uploads\/2025\/08\/%E6%88%AA%E5%B1%8F2025-08-12-19.50.29.png?resize=900%2C1193&amp;quality=95&amp;ssl=1 900w, https:\/\/i0.wp.com\/www.abfin.fr\/wp-content\/uploads\/2025\/08\/%E6%88%AA%E5%B1%8F2025-08-12-19.50.29.png?resize=450%2C597&amp;quality=95&amp;ssl=1 450w, https:\/\/i0.wp.com\/www.abfin.fr\/wp-content\/uploads\/2025\/08\/%E6%88%AA%E5%B1%8F2025-08-12-19.50.29.png?resize=840%2C1114&amp;quality=95&amp;ssl=1 840w, https:\/\/i0.wp.com\/www.abfin.fr\/wp-content\/uploads\/2025\/08\/%E6%88%AA%E5%B1%8F2025-08-12-19.50.29.png?resize=540%2C716&amp;quality=95&amp;ssl=1 540w\" sizes=\"auto, (max-width: 900px) 100vw, 900px\" data-attachment-id=\"115\" data-permalink=\"https:\/\/www.abfin.fr\/?attachment_id=115\" data-orig-file=\"https:\/\/i0.wp.com\/www.abfin.fr\/wp-content\/uploads\/2025\/08\/%E6%88%AA%E5%B1%8F2025-08-12-19.50.29.png?fit=970%2C1286&amp;quality=95&amp;ssl=1\" data-orig-size=\"970,1286\" data-comments-opened=\"1\" data-image-meta=\"{&quot;aperture&quot;:&quot;0&quot;,&quot;credit&quot;:&quot;&quot;,&quot;camera&quot;:&quot;&quot;,&quot;caption&quot;:&quot;&quot;,&quot;created_timestamp&quot;:&quot;0&quot;,&quot;copyright&quot;:&quot;&quot;,&quot;focal_length&quot;:&quot;0&quot;,&quot;iso&quot;:&quot;0&quot;,&quot;shutter_speed&quot;:&quot;0&quot;,&quot;title&quot;:&quot;&quot;,&quot;orientation&quot;:&quot;0&quot;}\" data-image-title=\"\u622a\u5c4f2025-08-12 19.50.29\" data-image-description=\"\" data-image-caption=\"\" data-medium-file=\"https:\/\/i0.wp.com\/www.abfin.fr\/wp-content\/uploads\/2025\/08\/%E6%88%AA%E5%B1%8F2025-08-12-19.50.29.png?fit=226%2C300&amp;quality=95&amp;ssl=1\" data-large-file=\"https:\/\/i0.wp.com\/www.abfin.fr\/wp-content\/uploads\/2025\/08\/%E6%88%AA%E5%B1%8F2025-08-12-19.50.29.png?fit=772%2C1024&amp;quality=95&amp;ssl=1\" \/><\/a><\/div><\/div><h3 class=\"wps-team--member-title wps-team--member-element team-member--link\"><a href=\"https:\/\/www.abfin.fr\/index.php\/wps-members\/wen-luo\/\" class=\"\"  >Wen LUO<\/a><\/h3><div class=\"wps-team--divider-wrapper wps-team--member-element\"><div class=\"wps-team--divider\"><\/div><\/div><div class=\"wps-team--member-details wps-team--member-details-excerpt wps-team--member-element\"><p>Je suis la fondatrice d&rsquo;Arboris Finance. Points Forts et Comp\u00e9tences Cl\u00e9s Mon profil unique se distingue par une rare combinaison de comp\u00e9tences en \u00ab\u00a0technologie + finance + perspicacit\u00e9 du march\u00e9\u00a0\u00bb. Dipl\u00f4m\u00e9e en informatique...<\/p>\n<\/div>\n                            <\/div>\n                        <\/div>\n                    <\/div>\n\n                    \n                        \n            <\/div>\n\n        \n                <div class=\"wps-team--not-found-wrapper\">\n            <div class=\"wps-team--not-found\">No Results Found<\/div>\n        <\/div>\n        \n    <\/div>\n\n        \n<\/div>\n\n\n\n<div style=\"height:100px\" aria-hidden=\"true\" class=\"wp-block-spacer\"><\/div>\n\n\n\n<div class=\"wp-block-columns is-layout-flex wp-container-core-columns-is-layout-9d6595d7 wp-block-columns-is-layout-flex\">\n<div class=\"wp-block-column is-layout-flow wp-block-column-is-layout-flow\" style=\"flex-basis:25%\"><\/div>\n\n\n\n<div class=\"wp-block-column is-layout-flow wp-block-column-is-layout-flow\" style=\"flex-basis:50%\">\n<h2 class=\"wp-block-heading\">\u201c Notre avantage unique r\u00e9side dans l&rsquo;int\u00e9gration in\u00e9dite de l&rsquo;IA pour simuler des dynamiques de march\u00e9 dans l&rsquo;\u00e9ducation financi\u00e8re pr\u00e9coce, jetant ainsi les bases de notre vision \u00e0 long terme d&rsquo;une soci\u00e9t\u00e9 de gestion d&rsquo;actifs. \u201d<\/h2>\n\n\n\n<h2 class=\"wp-block-heading has-text-align-right\">\u2014\u2014 Arboris Finance<\/h2>\n\n\n\n<p><\/p>\n<\/div>\n\n\n\n<div class=\"wp-block-column is-layout-flow wp-block-column-is-layout-flow\" style=\"flex-basis:25%\"><\/div>\n<\/div>\n","protected":false},"excerpt":{"rendered":"<p>Une relation saine avec l&rsquo;argent : le fondement d&rsquo;une vie heureuse. Dans notre soci\u00e9t\u00e9, la perception de l&rsquo;argent est souvent incompl\u00e8te, voire biais\u00e9e. Cette lacune peut mener \u00e0 des extr\u00eames, de la d\u00e9pense excessive \u00e0 l&rsquo;aust\u00e9rit\u00e9 qui nuit \u00e0 la qualit\u00e9 de vie. Chez&nbsp;Arboris Finance, nous sommes convaincus que ces d\u00e9s\u00e9quilibres financiers impactent directement notre<\/p>\n","protected":false},"author":1,"featured_media":0,"parent":0,"menu_order":0,"comment_status":"closed","ping_status":"closed","template":"","meta":{"advanced_seo_description":"","jetpack_seo_html_title":"","jetpack_seo_noindex":false,"jetpack_post_was_ever_published":false,"footnotes":""},"class_list":["post-128","page","type-page","status-publish","hentry"],"jetpack_sharing_enabled":true,"_links":{"self":[{"href":"https:\/\/www.abfin.fr\/index.php\/wp-json\/wp\/v2\/pages\/128","targetHints":{"allow":["GET"]}}],"collection":[{"href":"https:\/\/www.abfin.fr\/index.php\/wp-json\/wp\/v2\/pages"}],"about":[{"href":"https:\/\/www.abfin.fr\/index.php\/wp-json\/wp\/v2\/types\/page"}],"author":[{"embeddable":true,"href":"https:\/\/www.abfin.fr\/index.php\/wp-json\/wp\/v2\/users\/1"}],"replies":[{"embeddable":true,"href":"https:\/\/www.abfin.fr\/index.php\/wp-json\/wp\/v2\/comments?post=128"}],"version-history":[{"count":42,"href":"https:\/\/www.abfin.fr\/index.php\/wp-json\/wp\/v2\/pages\/128\/revisions"}],"predecessor-version":[{"id":271,"href":"https:\/\/www.abfin.fr\/index.php\/wp-json\/wp\/v2\/pages\/128\/revisions\/271"}],"wp:attachment":[{"href":"https:\/\/www.abfin.fr\/index.php\/wp-json\/wp\/v2\/media?parent=128"}],"curies":[{"name":"wp","href":"https:\/\/api.w.org\/{rel}","templated":true}]}}